{"id":8200,"date":"2020-01-29T09:42:02","date_gmt":"2020-01-29T08:42:02","guid":{"rendered":"http:\/\/www.cespedartificialalicante.net\/?page_id=8200"},"modified":"2025-04-10T09:44:19","modified_gmt":"2025-04-10T07:44:19","slug":"drive-blue","status":"publish","type":"page","link":"https:\/\/www.cespedartificialalicante.net\/en\/types-turf\/drive-blue\/","title":{"rendered":"Artificial Grass Drive Blue"},"content":{"rendered":"<p>[et_pb_section fb_built=&#8221;1&#8243; module_class=&#8221;class-contenido&#8221; _builder_version=&#8221;3.27.3&#8243; background_image=&#8221;https:\/\/www.cespedartificialalicante.net\/wp-content\/uploads\/2020\/01\/cesped-drive-blue.jpg&#8221; fb_built=&#8221;1&#8243; _i=&#8221;0&#8243; _address=&#8221;0&#8243;][et_pb_row column_structure=&#8221;1_2,1_2&#8243; module_class=&#8221;class-cuadro&#8221; _builder_version=&#8221;3.25&#8243; width=&#8221;100%&#8221; max_width_tablet=&#8221;1080px&#8221; custom_margin=&#8221;|||auto&#8221; z_index_tablet=&#8221;500&#8243; _i=&#8221;0&#8243; _address=&#8221;0.0&#8243;][et_pb_column type=&#8221;1_2&#8243; module_class=&#8221;class-col-1&#8243; _builder_version=&#8221;3.25&#8243; custom_padding=&#8221;|||&#8221; _i=&#8221;0&#8243; _address=&#8221;0.0.0&#8243; custom_padding__hover=&#8221;|||&#8221;][et_pb_text module_class=&#8221;class-cuadro-completo&#8221; _builder_version=&#8221;3.27.3&#8243; header_text_align=&#8221;center&#8221; header_text_color=&#8221;#000000&#8243; text_orientation=&#8221;center&#8221; z_index_tablet=&#8221;500&#8243; hover_enabled=&#8221;0&#8243; _i=&#8221;0&#8243; _address=&#8221;0.0.0.0&#8243;]<\/p>\n<h1 style=\"text-align: center;\">Drive Blue Artificial Grass<\/h1>\n<p style=\"text-align: center;\">Ask for an estimate and we will inform you <strong>without obligation<\/strong>. We have the best artificial grass on the market!<\/p>\n<p>[\/et_pb_text][\/et_pb_column][et_pb_column type=&#8221;1_2&#8243; module_class=&#8221;class-col-2&#8243; _builder_version=&#8221;3.25&#8243; custom_padding=&#8221;|||&#8221; _i=&#8221;1&#8243; _address=&#8221;0.0.1&#8243; custom_padding__hover=&#8221;|||&#8221;][et_pb_code _builder_version=&#8221;3.27.3&#8243; _i=&#8221;0&#8243; _address=&#8221;0.0.1.0&#8243;]\n<div class=\"wpcf7 no-js\" id=\"wpcf7-f7093-o1\" lang=\"en\" dir=\"ltr\">\n<div class=\"screen-reader-response\"><p role=\"status\" aria-live=\"polite\" aria-atomic=\"true\"><\/p> <ul><\/ul><\/div>\n<form action=\"\/en\/wp-json\/wp\/v2\/pages\/8200#wpcf7-f7093-o1\" method=\"post\" class=\"wpcf7-form init\" aria-label=\"Contact form\" novalidate=\"novalidate\" data-status=\"init\">\n<div style=\"display: none;\">\n<input type=\"hidden\" name=\"_wpcf7\" value=\"7093\" \/>\n<input type=\"hidden\" name=\"_wpcf7_version\" value=\"5.7.7\" \/>\n<input type=\"hidden\" name=\"_wpcf7_locale\" value=\"en\" \/>\n<input type=\"hidden\" name=\"_wpcf7_unit_tag\" value=\"wpcf7-f7093-o1\" \/>\n<input type=\"hidden\" name=\"_wpcf7_container_post\" value=\"0\" \/>\n<input type=\"hidden\" name=\"_wpcf7_posted_data_hash\" value=\"\" \/>\n<\/div>\n<div id=\"class-1\" class=\"et_pb_with_border et_pb_module et_pb_contact_form_0 class-2 et_pb_contact_form_container clearfix\" data-form_unique_num=\"0\">\n\t<div class=\"et_pb_contact et_pb_contact_form\">\n\t\t<p class=\"et_pb_contact_main_title\">QUICK QUOTE\n\t\t<\/p>\n\t\t<p class=\"et_pb_contact_field et_pb_contact_field_0 et_pb_contact_field_last\" data-id=\"name\" data-type=\"input\"><br \/>\n<label for=\"et_pb_contact_nombre_0\" class=\"et_pb_contact_form_label\">Name*<\/label><span class=\"wpcf7-form-control-wrap\" data-name=\"your-name\"><input size=\"40\" class=\"wpcf7-form-control wpcf7-text wpcf7-validates-as-required input\" id=\"et_pb_contact_nombre_0\" aria-required=\"true\" aria-invalid=\"false\" placeholder=\"Name*\" value=\"\" type=\"text\" name=\"your-name\" \/><\/span>\n\t\t<\/p>\n\t\t<p class=\"et_pb_contact_field et_pb_contact_field_0 et_pb_contact_field_last\" data-id=\"nombre\" data-type=\"input\"><label for=\"et_pb_contact_email_0\" class=\"et_pb_contact_form_label\">E-mail *<\/label><span class=\"wpcf7-form-control-wrap\" data-name=\"your-email\"><input size=\"40\" class=\"wpcf7-form-control wpcf7-text wpcf7-email wpcf7-validates-as-required wpcf7-validates-as-email input\" id=\"et_pb_contact_email_0\" aria-required=\"true\" aria-invalid=\"false\" placeholder=\"Email *\" value=\"\" type=\"email\" name=\"your-email\" \/><\/span>\n\t\t<\/p>\n\t\t<p class=\"et_pb_with_border et_pb_contact_field et_pb_contact_field_2 et_pb_contact_field_half\" data-id=\"Telephone\" data-type=\"input\"><label for=\"et_pb_contact_telefono_0\" class=\"et_pb_contact_form_label\">Telephone*<\/label><span class=\"wpcf7-form-control-wrap\" data-name=\"Telephone\"><input size=\"40\" class=\"wpcf7-form-control wpcf7-text input\" id=\"et_pb_contact_telefono_0\" aria-invalid=\"false\" placeholder=\"Telephone*\" value=\"\" type=\"text\" name=\"Telephone\" \/><\/span>\n\t\t<\/p>\n\t\t<p class=\"et_pb_contact_field et_pb_contact_field_3 et_pb_contact_field_half et_pb_contact_field_last\" data-id=\"c_Location\" data-type=\"input\"><label for=\"et_pb_contact_c_localidad_0\" class=\"et_pb_contact_form_label\">Location*<\/label><span class=\"wpcf7-form-control-wrap\" data-name=\"Location\"><input size=\"40\" class=\"wpcf7-form-control wpcf7-text wpcf7-validates-as-required input\" id=\"et_pb_contact_c_localidad_0\" aria-required=\"true\" aria-invalid=\"false\" placeholder=\"Location*\" value=\"\" type=\"text\" name=\"Location\" \/><\/span>\n\t\t<\/p>\n\t\t<p class=\"et_pb_contact_field et_pb_contact_field_4 et_pb_contact_field_last\" data-id=\"para_cuando\" data-type=\"select\"><br \/>\n<span class=\"wpcf7-form-control-wrap\" data-name=\"menu-821\"><select class=\"wpcf7-form-control wpcf7-select et_pb_contact_select input\" id=\"et_pb_contact_para_cuando_0\" aria-invalid=\"false\" name=\"menu-821\"><option value=\"\">When do you want to do the job?<\/option><option value=\"As soon as possible\">As soon as possible<\/option><option value=\"Less than 5 days\">Less than 5 days<\/option><option value=\"More than 5 days\">More than 5 days<\/option><\/select><\/span>\n\t\t<\/p>\n\t\t<p class=\"et_pb_contact_field et_pb_contact_field_5 et_pb_contact_field_last\" data-id=\"comentarios\" data-type=\"input\"><br \/>\n<span class=\"wpcf7-form-control-wrap\" data-name=\"comments\"><textarea cols=\"40\" rows=\"10\" class=\"wpcf7-form-control wpcf7-textarea\" aria-invalid=\"false\" name=\"comments\">Add your comments<\/textarea><\/span>\n\t\t<\/p>\n\t<\/div>\n<\/div>\n<p><label><span class=\"wpcf7-form-control-wrap\" data-name=\"acceptance-485\"><span class=\"wpcf7-form-control wpcf7-acceptance\"><span class=\"wpcf7-list-item\"><input type=\"checkbox\" name=\"acceptance-485\" value=\"1\" aria-invalid=\"false\" \/><\/span><\/span><\/span> I accept the data protection of LOPD<\/label>\n<\/p>\n<div id=\"class-1\" class=\"et_pb_with_border et_pb_module et_pb_contact_form_0 class-2 et_pb_contact_form_container clearfix\" data-form_unique_num=\"0\">\n\t<div class=\"et_pb_contact et_pb_contact_form\">\n\t\t<p><button type=\"submit\" id='submit' class=\"et_pb_contact_submit et_pb_button\">Send to<\/button>\n\t\t<\/p>\n\t<\/div>\n<\/div><div class=\"wpcf7-response-output\" aria-hidden=\"true\"><\/div>\n<\/form>\n<\/div>\n[\/et_pb_code][\/et_pb_column][\/et_pb_row][\/et_pb_section][et_pb_section fb_built=&#8221;1&#8243; module_class=&#8221;class-contenido&#8221; _builder_version=&#8221;3.22.7&#8243; width=&#8221;100%&#8221; min_height=&#8221;400px&#8221; z_index_tablet=&#8221;500&#8243; fb_built=&#8221;1&#8243; _i=&#8221;1&#8243; _address=&#8221;1&#8243;][et_pb_row column_structure=&#8221;1_2,1_2&#8243; _builder_version=&#8221;3.25&#8243; _i=&#8221;0&#8243; _address=&#8221;1.0&#8243;][et_pb_column type=&#8221;1_2&#8243; _builder_version=&#8221;3.25&#8243; custom_padding=&#8221;|||&#8221; _i=&#8221;0&#8243; _address=&#8221;1.0.0&#8243; custom_padding__hover=&#8221;|||&#8221;][et_pb_divider show_divider=&#8221;off&#8221; _builder_version=&#8221;3.22.7&#8243; _i=&#8221;0&#8243; _address=&#8221;1.0.0.0&#8243;][\/et_pb_divider][et_pb_divider show_divider=&#8221;off&#8221; _builder_version=&#8221;3.22.7&#8243; _i=&#8221;1&#8243; _address=&#8221;1.0.0.1&#8243;][\/et_pb_divider][et_pb_divider show_divider=&#8221;off&#8221; _builder_version=&#8221;3.22.7&#8243; _i=&#8221;2&#8243; _address=&#8221;1.0.0.2&#8243;][\/et_pb_divider][et_pb_image src=&#8221;https:\/\/www.cespedartificialalicante.net\/wp-content\/uploads\/2019\/05\/bgd-section-padel.png&#8221; align_tablet=&#8221;center&#8221; align_last_edited=&#8221;on|desktop&#8221; _builder_version=&#8221;3.23&#8243; animation_style=&#8221;zoom&#8221; animation_direction=&#8221;left&#8221; _i=&#8221;3&#8243; _address=&#8221;1.0.0.3&#8243;][\/et_pb_image][\/et_pb_column][et_pb_column type=&#8221;1_2&#8243; _builder_version=&#8221;3.25&#8243; custom_padding=&#8221;|||&#8221; _i=&#8221;1&#8243; _address=&#8221;1.0.1&#8243; custom_padding__hover=&#8221;|||&#8221;][et_pb_text _builder_version=&#8221;3.27.3&#8243; animation_style=&#8221;zoom&#8221; animation_direction=&#8221;right&#8221; _i=&#8221;0&#8243; _address=&#8221;1.0.1.0&#8243;]<\/p>\n<h2>Description and characteristics<\/h2>\n<p>Tired of green grass? You want something different for your garden? With Drive Blue artificial grass you can enjoy an<strong> ideal surface in blue.<\/strong><\/p>\n<p>The following are the facts that make up the<strong> artificial turf<\/strong> data sheet for Drive Blue.<\/p>\n<ul>\n<li><strong>Recovery:<\/strong> 100%.<\/li>\n<li><strong>Smoothness:<\/strong> 90%.<\/li>\n<li><strong>Durability:<\/strong> 100%.<\/li>\n<\/ul>\n<p>[\/et_pb_text][\/et_pb_column][\/et_pb_row][et_pb_row _builder_version=&#8221;3.25&#8243; _i=&#8221;1&#8243; _address=&#8221;1.1&#8243;][et_pb_column type=&#8221;4_4&#8243; _builder_version=&#8221;3.25&#8243; custom_padding=&#8221;|||&#8221; _i=&#8221;0&#8243; _address=&#8221;1.1.0&#8243; custom_padding__hover=&#8221;|||&#8221;][et_pb_text _builder_version=&#8221;3.27.3&#8243; _i=&#8221;0&#8243; _address=&#8221;1.1.0.0&#8243;]<\/p>\n<h2 style=\"text-align: center;\">Applications and uses<\/h2>\n<p>Drive Blue artificial grass is designed for <strong>heavy-duty surfaces<\/strong>, especially for sports. For example, they are ideal for paddle tennis clubs where people are constantly playing.<\/p>\n<p>You probably remember many high-performance paddle tennis courts with a blue surface; these courts often have this type of grass because of its <strong>high resilience.<\/strong><\/p>\n<p>[\/et_pb_text][\/et_pb_column][\/et_pb_row][et_pb_row _builder_version=&#8221;3.27.3&#8243; _i=&#8221;2&#8243; _address=&#8221;1.2&#8243;][et_pb_column type=&#8221;4_4&#8243; _builder_version=&#8221;3.27.3&#8243; _i=&#8221;0&#8243; _address=&#8221;1.2.0&#8243;][et_pb_text _builder_version=&#8221;3.27.3&#8243; _i=&#8221;0&#8243; _address=&#8221;1.2.0.0&#8243;]<\/p>\n<h2 style=\"text-align: center;\">Drive Blue artificial turf technologies<\/h2>\n<p>[\/et_pb_text][\/et_pb_column][\/et_pb_row][et_pb_row column_structure=&#8221;1_2,1_2&#8243; _builder_version=&#8221;3.27.3&#8243; _i=&#8221;3&#8243; _address=&#8221;1.3&#8243;][et_pb_column type=&#8221;1_2&#8243; _builder_version=&#8221;3.27.3&#8243; _i=&#8221;0&#8243; _address=&#8221;1.3.0&#8243;][et_pb_image src=&#8221;https:\/\/www.cespedartificialalicante.net\/wp-content\/uploads\/2019\/05\/Tech-LONGLIFE-1.png&#8221; align=&#8221;center&#8221; _builder_version=&#8221;3.27.3&#8243; _i=&#8221;0&#8243; _address=&#8221;1.3.0.0&#8243;][\/et_pb_image][et_pb_text _builder_version=&#8221;3.27.3&#8243; _i=&#8221;1&#8243; _address=&#8221;1.3.0.1&#8243;]<\/p>\n<p>This technology allows you to <strong>increase the longevity<\/strong> of your artificial turf. To do this, they have monofilaments that offer a greater capacity for recovery; in addition, they offer an extra softness that makes it safer to play on this synthetic grass.<\/p>\n<p>[\/et_pb_text][\/et_pb_column][et_pb_column type=&#8221;1_2&#8243; _builder_version=&#8221;3.27.3&#8243; _i=&#8221;1&#8243; _address=&#8221;1.3.1&#8243;][et_pb_image src=&#8221;https:\/\/www.cespedartificialalicante.net\/wp-content\/uploads\/2019\/05\/Tech-LONGLIFE.png&#8221; align=&#8221;center&#8221; _builder_version=&#8221;3.27.3&#8243; _i=&#8221;0&#8243; _address=&#8221;1.3.1.0&#8243;][\/et_pb_image][et_pb_text _builder_version=&#8221;3.27.3&#8243; _i=&#8221;1&#8243; _address=&#8221;1.3.1.1&#8243;]<\/p>\n<p>The LongLife technology allows your artificial turf to stay like the first day much longer; to give you an idea, the products that include this system have a life span of over <strong>40,000 wear cycles.<\/strong><\/p>\n<p>[\/et_pb_text][\/et_pb_column][\/et_pb_row][\/et_pb_section]<\/p>\n","protected":false},"excerpt":{"rendered":"<p>[et_pb_section fb_built=&#8221;1&#8243; module_class=&#8221;class-contenido&#8221; _builder_version=&#8221;3.27.3&#8243; background_image=&#8221;https:\/\/www.cespedartificialalicante.net\/wp-content\/uploads\/2020\/01\/cesped-drive-blue.jpg&#8221; fb_built=&#8221;1&#8243; _i=&#8221;0&#8243; _address=&#8221;0&#8243;][et_pb_row column_structure=&#8221;1_2,1_2&#8243; module_class=&#8221;class-cuadro&#8221; _builder_version=&#8221;3.25&#8243; width=&#8221;100%&#8221; max_width_tablet=&#8221;1080px&#8221; custom_margin=&#8221;|||auto&#8221; z_index_tablet=&#8221;500&#8243; _i=&#8221;0&#8243; _address=&#8221;0.0&#8243;][et_pb_column type=&#8221;1_2&#8243; module_class=&#8221;class-col-1&#8243; _builder_version=&#8221;3.25&#8243; custom_padding=&#8221;|||&#8221; _i=&#8221;0&#8243; _address=&#8221;0.0.0&#8243; custom_padding__hover=&#8221;|||&#8221;][et_pb_text module_class=&#8221;class-cuadro-completo&#8221; _builder_version=&#8221;3.27.3&#8243; header_text_align=&#8221;center&#8221; header_text_color=&#8221;#000000&#8243; text_orientation=&#8221;center&#8221; z_index_tablet=&#8221;500&#8243; hover_enabled=&#8221;0&#8243; _i=&#8221;0&#8243; _address=&#8221;0.0.0.0&#8243;] Drive Blue Artificial Grass Ask for an estimate and we will inform you without obligation. We have the best artificial grass on [&hellip;]<\/p>\n","protected":false},"author":4,"featured_media":0,"parent":7861,"menu_order":0,"comment_status":"closed","ping_status":"closed","template":"","meta":{"_et_pb_use_builder":"on","_et_pb_old_content":"<p>[et_pb_section fb_built=\"1\" module_class=\"class-contenido\" _builder_version=\"3.23.3\" background_image=\"https:\/\/www.cespedartificialalicante.net\/wp-content\/uploads\/2019\/05\/Padel-2-960x640.jpg\" fb_built=\"1\" _i=\"0\" _address=\"0\"][et_pb_row column_structure=\"1_2,1_2\" module_class=\"class-cuadro\" _builder_version=\"3.25\" width=\"100%\" max_width_tablet=\"1080px\" custom_margin=\"|||auto\" z_index_tablet=\"500\" _i=\"0\" _address=\"0.0\"][et_pb_column type=\"1_2\" module_class=\"class-col-1\" _builder_version=\"3.25\" custom_padding=\"|||\" _i=\"0\" _address=\"0.0.0\" custom_padding__hover=\"|||\"][et_pb_text module_class=\"class-cuadro-completo\" _builder_version=\"3.27.3\" header_text_align=\"center\" header_text_color=\"#000000\" text_orientation=\"center\" z_index_tablet=\"500\" _i=\"0\" _address=\"0.0.0.0\"]<\/p><h1 style=\"text-align: center;\">C\u00e9sped artificial Drive Blue<\/h1><p style=\"text-align: center;\">Pide presupuesto y te informaremos <strong>sin compromiso.<\/strong> \u00a1Tenemos el mejor c\u00e9sped artificial del mercado!<\/p><p>[\/et_pb_text][\/et_pb_column][et_pb_column type=\"1_2\" module_class=\"class-col-2\" _builder_version=\"3.25\" custom_padding=\"|||\" _i=\"1\" _address=\"0.0.1\" custom_padding__hover=\"|||\"][et_pb_code _builder_version=\"3.27.3\" _i=\"0\" _address=\"0.0.1.0\"][contact-form-7 id=\"6007\" title=\"Form Superior\"][\/et_pb_code][\/et_pb_column][\/et_pb_row][\/et_pb_section][et_pb_section fb_built=\"1\" module_class=\"class-contenido\" _builder_version=\"3.22.7\" width=\"100%\" min_height=\"400px\" z_index_tablet=\"500\" fb_built=\"1\" _i=\"1\" _address=\"1\"][et_pb_row column_structure=\"1_2,1_2\" _builder_version=\"3.25\" _i=\"0\" _address=\"1.0\"][et_pb_column type=\"1_2\" _builder_version=\"3.25\" custom_padding=\"|||\" _i=\"0\" _address=\"1.0.0\" custom_padding__hover=\"|||\"][et_pb_divider show_divider=\"off\" _builder_version=\"3.22.7\" _i=\"0\" _address=\"1.0.0.0\"][\/et_pb_divider][et_pb_divider show_divider=\"off\" _builder_version=\"3.22.7\" _i=\"1\" _address=\"1.0.0.1\"][\/et_pb_divider][et_pb_divider show_divider=\"off\" _builder_version=\"3.22.7\" _i=\"2\" _address=\"1.0.0.2\"][\/et_pb_divider][et_pb_image src=\"https:\/\/www.cespedartificialalicante.net\/wp-content\/uploads\/2019\/05\/bgd-section-padel.png\" align_tablet=\"center\" align_last_edited=\"on|desktop\" _builder_version=\"3.23\" animation_style=\"zoom\" animation_direction=\"left\" _i=\"3\" _address=\"1.0.0.3\"][\/et_pb_image][\/et_pb_column][et_pb_column type=\"1_2\" _builder_version=\"3.25\" custom_padding=\"|||\" _i=\"1\" _address=\"1.0.1\" custom_padding__hover=\"|||\"][et_pb_text _builder_version=\"3.27.3\" animation_style=\"zoom\" animation_direction=\"right\" _i=\"0\" _address=\"1.0.1.0\"]<\/p><h2 style=\"text-align: center;\">Descripci\u00f3n y caracter\u00edsticas<\/h2><p>\u00bfCansado de la hierba verde? \u00bfQuieres algo distinto para tu jard\u00edn? Con el c\u00e9sped artificial Drive Blue puedes disfrutar de una <strong>superficie ideal en color azul<\/strong>.<\/p><p>Los siguientes son las datos que componen la <strong>ficha t\u00e9cnica<\/strong> del c\u00e9sped artificial para Drive Blue son.<\/p><ul><li><strong>Recuperaci\u00f3n<\/strong>: 100%<\/li><li><strong>Suavidad<\/strong>: 90%<\/li><li><strong>Durabilidad<\/strong>: 100%<\/li><\/ul><p>[\/et_pb_text][\/et_pb_column][\/et_pb_row][et_pb_row _builder_version=\"3.25\" _i=\"1\" _address=\"1.1\"][et_pb_column type=\"4_4\" _builder_version=\"3.25\" custom_padding=\"|||\" _i=\"0\" _address=\"1.1.0\" custom_padding__hover=\"|||\"][et_pb_text _builder_version=\"3.27.3\" _i=\"0\" _address=\"1.1.0.0\"]<\/p><h2 style=\"text-align: center;\">Aplicaciones y usos<\/h2><p>El c\u00e9sped artificial Drive Blue est\u00e1 pensado para<strong> superficies de uso intenso<\/strong>, especialmente deportivas. Por ejemplo, son ideales para clubes de p\u00e1del donde, constantemente, se encuentran personas jugando.<\/p><p>Seguramente recuerdas muchas pistas de p\u00e1del de alto rendimiento cuya superficie es azul; estas pistas suelen contar con este tipo de c\u00e9sped por su <strong>gran capacidad de recuperaci\u00f3n<\/strong>.<\/p><p>[\/et_pb_text][\/et_pb_column][\/et_pb_row][et_pb_row _builder_version=\"3.27.3\" _i=\"2\" _address=\"1.2\"][et_pb_column type=\"4_4\" _builder_version=\"3.27.3\" _i=\"0\" _address=\"1.2.0\"][et_pb_text _builder_version=\"3.27.3\" _i=\"0\" _address=\"1.2.0.0\"]<\/p><h2 style=\"text-align: center;\">Tecnolog\u00edas del c\u00e9sped artificial Drive Blue<\/h2><p>[\/et_pb_text][\/et_pb_column][\/et_pb_row][et_pb_row column_structure=\"1_2,1_2\" _builder_version=\"3.27.3\" _i=\"3\" _address=\"1.3\"][et_pb_column type=\"1_2\" _builder_version=\"3.27.3\" _i=\"0\" _address=\"1.3.0\"][et_pb_image src=\"http:\/\/www.cespedartificialalicante.net\/wp-content\/uploads\/2019\/05\/Tech-LONGLIFE-1.png\" align=\"center\" _builder_version=\"3.27.3\" _i=\"0\" _address=\"1.3.0.0\"][\/et_pb_image][et_pb_text _builder_version=\"3.27.3\" _i=\"1\" _address=\"1.3.0.1\"]<\/p><p>Esta tecnolog\u00eda permite <strong>aumentar la<\/strong> <strong>longevidad <\/strong>de tu c\u00e9sped artificial. Para ello, disponen de unos monofilamentos que ofrecen una mayor capacidad de recuperaci\u00f3n; adem\u00e1s, ofrece una suavidad extra que hace que sea m\u00e1s seguro jugar en esta hierba sint\u00e9tica.<\/p><p>[\/et_pb_text][\/et_pb_column][et_pb_column type=\"1_2\" _builder_version=\"3.27.3\" _i=\"1\" _address=\"1.3.1\"][et_pb_image src=\"http:\/\/www.cespedartificialalicante.net\/wp-content\/uploads\/2019\/05\/Tech-LONGLIFE.png\" align=\"center\" _builder_version=\"3.27.3\" _i=\"0\" _address=\"1.3.1.0\"][\/et_pb_image][et_pb_text _builder_version=\"3.27.3\" _i=\"1\" _address=\"1.3.1.1\"]<\/p><p>La tecnolog\u00eda <em>LongLife<\/em> permite que tu c\u00e9sped artificial se mantenga como el primer d\u00eda mucho m\u00e1s tiempo; para que te hagas una idea, los productos que incluyen este sistema tienen una vida que supera los <strong>40.000 ciclos de desgaste<\/strong>.<\/p><p>[\/et_pb_text][\/et_pb_column][\/et_pb_row][et_pb_row _builder_version=\"3.27.3\" _i=\"4\" _address=\"1.4\"][et_pb_column type=\"4_4\" _builder_version=\"3.27.3\" _i=\"0\" _address=\"1.4.0\"][et_pb_text _builder_version=\"3.27.3\" _i=\"0\" _address=\"1.4.0.0\"]<\/p><div class=\"et_pb_row et_pb_row_6\"><div class=\"et_pb_column et_pb_column_4_4 et_pb_column_9  et_pb_css_mix_blend_mode_passthrough et-last-child\"><div class=\"et_pb_module et_pb_text et_pb_text_8 et_pb_bg_layout_light  et_pb_text_align_left\"><div class=\"et_pb_text_inner\"><h3 style=\"text-align: center;\">Otros productos<\/h3><\/div><\/div><\/div><\/div><p>[\/et_pb_text][\/et_pb_column][\/et_pb_row][et_pb_row column_structure=\"1_2,1_2\" module_class=\"imagen-zoom\" _builder_version=\"3.27.3\" custom_padding=\"31px|||||\" _i=\"5\" _address=\"1.5\"][et_pb_column type=\"1_2\" _builder_version=\"3.27.3\" _i=\"0\" _address=\"1.5.0\"][et_pb_image src=\"http:\/\/www.cespedartificialalicante.net\/wp-content\/uploads\/2019\/05\/drive-black-e1559030909360.png\" align=\"center\" _builder_version=\"3.27.3\" _i=\"0\" _address=\"1.5.0.0\"][\/et_pb_image][et_pb_text _builder_version=\"3.27.3\" link_text_color=\"#5f870e\" _i=\"1\" _address=\"1.5.0.1\"]<\/p><p style=\"text-align: center;\"><a href=\"http:\/\/www.cespedartificialalicante.net\/deportivo\/padel\/drive-black\/\">Drive Black<\/a><\/p><p>[\/et_pb_text][\/et_pb_column][et_pb_column type=\"1_2\" _builder_version=\"3.27.3\" _i=\"1\" _address=\"1.5.1\"][et_pb_image src=\"http:\/\/www.cespedartificialalicante.net\/wp-content\/uploads\/2019\/05\/3D-drive-rust-e1578937377807.jpg\" align=\"center\" _builder_version=\"3.27.3\" max_width=\"51%\" custom_padding=\"0px||0px|||\" _i=\"0\" _address=\"1.5.1.0\" max_width__hover_enabled=\"on|desktop\"][\/et_pb_image][et_pb_text _builder_version=\"3.27.3\" link_text_color=\"#5f870e\" _i=\"1\" _address=\"1.5.1.1\"]<\/p><p style=\"text-align: center;\"><a href=\"http:\/\/www.cespedartificialalicante.net\/deportivo\/padel\/drive-rust\/\">Drive Rust<\/a><\/p><p>[\/et_pb_text][\/et_pb_column][\/et_pb_row][et_pb_row _builder_version=\"3.27.3\" _i=\"6\" _address=\"1.6\"][et_pb_column type=\"4_4\" _builder_version=\"3.27.3\" _i=\"0\" _address=\"1.6.0\"][et_pb_button button_url=\"https:\/\/www.cespedartificialalicante.net\/deportivo\/\" button_text=\"Ver colecci\u00f3n completa\" button_alignment=\"center\" _builder_version=\"3.27.3\" custom_button=\"on\" button_text_color=\"#5f780e\" _i=\"0\" _address=\"1.6.0.0\"][\/et_pb_button][\/et_pb_column][\/et_pb_row][\/et_pb_section]<\/p>","_joinchat":[]},"_links":{"self":[{"href":"https:\/\/www.cespedartificialalicante.net\/en\/wp-json\/wp\/v2\/pages\/8200"}],"collection":[{"href":"https:\/\/www.cespedartificialalicante.net\/en\/wp-json\/wp\/v2\/pages"}],"about":[{"href":"https:\/\/www.cespedartificialalicante.net\/en\/wp-json\/wp\/v2\/types\/page"}],"author":[{"embeddable":true,"href":"https:\/\/www.cespedartificialalicante.net\/en\/wp-json\/wp\/v2\/users\/4"}],"replies":[{"embeddable":true,"href":"https:\/\/www.cespedartificialalicante.net\/en\/wp-json\/wp\/v2\/comments?post=8200"}],"version-history":[{"count":8,"href":"https:\/\/www.cespedartificialalicante.net\/en\/wp-json\/wp\/v2\/pages\/8200\/revisions"}],"predecessor-version":[{"id":9356,"href":"https:\/\/www.cespedartificialalicante.net\/en\/wp-json\/wp\/v2\/pages\/8200\/revisions\/9356"}],"up":[{"embeddable":true,"href":"https:\/\/www.cespedartificialalicante.net\/en\/wp-json\/wp\/v2\/pages\/7861"}],"wp:attachment":[{"href":"https:\/\/www.cespedartificialalicante.net\/en\/wp-json\/wp\/v2\/media?parent=8200"}],"curies":[{"name":"wp","href":"https:\/\/api.w.org\/{rel}","templated":true}]}}