{"id":7109,"date":"2020-01-22T11:44:53","date_gmt":"2020-01-22T10:44:53","guid":{"rendered":"http:\/\/www.cespedartificialalicante.net\/?page_id=7109"},"modified":"2020-01-29T14:17:16","modified_gmt":"2020-01-29T13:17:16","slug":"installers-evolution-grass","status":"publish","type":"page","link":"https:\/\/www.cespedartificialalicante.net\/en\/installers-evolution-grass\/","title":{"rendered":"Installers Evolution Grass"},"content":{"rendered":"<p>[et_pb_section fb_built=&#8221;1&#8243; module_class=&#8221;class-contenido&#8221; _builder_version=&#8221;3.23.3&#8243; background_image=&#8221;https:\/\/www.cespedartificialalicante.net\/wp-content\/uploads\/2019\/06\/instaladores-de-cesped-artificial.jpg&#8221; fb_built=&#8221;1&#8243; _i=&#8221;0&#8243; _address=&#8221;0&#8243;][et_pb_row column_structure=&#8221;1_2,1_2&#8243; module_class=&#8221;class-cuadro&#8221; _builder_version=&#8221;3.25&#8243; width=&#8221;100%&#8221; max_width_tablet=&#8221;1080px&#8221; custom_margin=&#8221;|||auto&#8221; z_index_tablet=&#8221;500&#8243; _i=&#8221;0&#8243; _address=&#8221;0.0&#8243;][et_pb_column type=&#8221;1_2&#8243; module_class=&#8221;class-col-1&#8243; _builder_version=&#8221;3.25&#8243; custom_padding=&#8221;|||&#8221; _i=&#8221;0&#8243; _address=&#8221;0.0.0&#8243; custom_padding__hover=&#8221;|||&#8221;][et_pb_text module_class=&#8221;class-cuadro-completo&#8221; _builder_version=&#8221;3.27.3&#8243; header_text_align=&#8221;center&#8221; header_text_color=&#8221;#000000&#8243; text_orientation=&#8221;center&#8221; z_index_tablet=&#8221;500&#8243; _i=&#8221;0&#8243; _address=&#8221;0.0.0.0&#8243;]<\/p>\n<h1 style=\"text-align: center;\">Artificial Grass Installers<\/h1>\n<p style=\"text-align: center;\">Do you want to know more about the installation, the surfaces and the steps to lay your artificial turf? Contact us and <strong>we will inform you without obligation.<\/strong><\/p>\n<p>[\/et_pb_text][\/et_pb_column][et_pb_column type=&#8221;1_2&#8243; module_class=&#8221;class-col-2&#8243; _builder_version=&#8221;3.25&#8243; custom_padding=&#8221;|||&#8221; _i=&#8221;1&#8243; _address=&#8221;0.0.1&#8243; custom_padding__hover=&#8221;|||&#8221;][et_pb_code _builder_version=&#8221;3.27.3&#8243; _i=&#8221;0&#8243; _address=&#8221;0.0.1.0&#8243;]\n<div class=\"wpcf7 no-js\" id=\"wpcf7-f7093-o1\" lang=\"en\" dir=\"ltr\">\n<div class=\"screen-reader-response\"><p role=\"status\" aria-live=\"polite\" aria-atomic=\"true\"><\/p> <ul><\/ul><\/div>\n<form action=\"\/en\/wp-json\/wp\/v2\/pages\/7109#wpcf7-f7093-o1\" method=\"post\" class=\"wpcf7-form init\" aria-label=\"Contact form\" novalidate=\"novalidate\" data-status=\"init\">\n<div style=\"display: none;\">\n<input type=\"hidden\" name=\"_wpcf7\" value=\"7093\" \/>\n<input type=\"hidden\" name=\"_wpcf7_version\" value=\"5.7.7\" \/>\n<input type=\"hidden\" name=\"_wpcf7_locale\" value=\"en\" \/>\n<input type=\"hidden\" name=\"_wpcf7_unit_tag\" value=\"wpcf7-f7093-o1\" \/>\n<input type=\"hidden\" name=\"_wpcf7_container_post\" value=\"0\" \/>\n<input type=\"hidden\" name=\"_wpcf7_posted_data_hash\" value=\"\" \/>\n<\/div>\n<div id=\"class-1\" class=\"et_pb_with_border et_pb_module et_pb_contact_form_0 class-2 et_pb_contact_form_container clearfix\" data-form_unique_num=\"0\">\n\t<div class=\"et_pb_contact et_pb_contact_form\">\n\t\t<p class=\"et_pb_contact_main_title\">QUICK QUOTE\n\t\t<\/p>\n\t\t<p class=\"et_pb_contact_field et_pb_contact_field_0 et_pb_contact_field_last\" data-id=\"name\" data-type=\"input\"><br \/>\n<label for=\"et_pb_contact_nombre_0\" class=\"et_pb_contact_form_label\">Name*<\/label><span class=\"wpcf7-form-control-wrap\" data-name=\"your-name\"><input size=\"40\" class=\"wpcf7-form-control wpcf7-text wpcf7-validates-as-required input\" id=\"et_pb_contact_nombre_0\" aria-required=\"true\" aria-invalid=\"false\" placeholder=\"Name*\" value=\"\" type=\"text\" name=\"your-name\" \/><\/span>\n\t\t<\/p>\n\t\t<p class=\"et_pb_contact_field et_pb_contact_field_0 et_pb_contact_field_last\" data-id=\"nombre\" data-type=\"input\"><label for=\"et_pb_contact_email_0\" class=\"et_pb_contact_form_label\">E-mail *<\/label><span class=\"wpcf7-form-control-wrap\" data-name=\"your-email\"><input size=\"40\" class=\"wpcf7-form-control wpcf7-text wpcf7-email wpcf7-validates-as-required wpcf7-validates-as-email input\" id=\"et_pb_contact_email_0\" aria-required=\"true\" aria-invalid=\"false\" placeholder=\"Email *\" value=\"\" type=\"email\" name=\"your-email\" \/><\/span>\n\t\t<\/p>\n\t\t<p class=\"et_pb_with_border et_pb_contact_field et_pb_contact_field_2 et_pb_contact_field_half\" data-id=\"Telephone\" data-type=\"input\"><label for=\"et_pb_contact_telefono_0\" class=\"et_pb_contact_form_label\">Telephone*<\/label><span class=\"wpcf7-form-control-wrap\" data-name=\"Telephone\"><input size=\"40\" class=\"wpcf7-form-control wpcf7-text input\" id=\"et_pb_contact_telefono_0\" aria-invalid=\"false\" placeholder=\"Telephone*\" value=\"\" type=\"text\" name=\"Telephone\" \/><\/span>\n\t\t<\/p>\n\t\t<p class=\"et_pb_contact_field et_pb_contact_field_3 et_pb_contact_field_half et_pb_contact_field_last\" data-id=\"c_Location\" data-type=\"input\"><label for=\"et_pb_contact_c_localidad_0\" class=\"et_pb_contact_form_label\">Location*<\/label><span class=\"wpcf7-form-control-wrap\" data-name=\"Location\"><input size=\"40\" class=\"wpcf7-form-control wpcf7-text wpcf7-validates-as-required input\" id=\"et_pb_contact_c_localidad_0\" aria-required=\"true\" aria-invalid=\"false\" placeholder=\"Location*\" value=\"\" type=\"text\" name=\"Location\" \/><\/span>\n\t\t<\/p>\n\t\t<p class=\"et_pb_contact_field et_pb_contact_field_4 et_pb_contact_field_last\" data-id=\"para_cuando\" data-type=\"select\"><br \/>\n<span class=\"wpcf7-form-control-wrap\" data-name=\"menu-821\"><select class=\"wpcf7-form-control wpcf7-select et_pb_contact_select input\" id=\"et_pb_contact_para_cuando_0\" aria-invalid=\"false\" name=\"menu-821\"><option value=\"\">When do you want to do the job?<\/option><option value=\"As soon as possible\">As soon as possible<\/option><option value=\"Less than 5 days\">Less than 5 days<\/option><option value=\"More than 5 days\">More than 5 days<\/option><\/select><\/span>\n\t\t<\/p>\n\t\t<p class=\"et_pb_contact_field et_pb_contact_field_5 et_pb_contact_field_last\" data-id=\"comentarios\" data-type=\"input\"><br \/>\n<span class=\"wpcf7-form-control-wrap\" data-name=\"comments\"><textarea cols=\"40\" rows=\"10\" class=\"wpcf7-form-control wpcf7-textarea\" aria-invalid=\"false\" name=\"comments\">Add your comments<\/textarea><\/span>\n\t\t<\/p>\n\t<\/div>\n<\/div>\n<p><label><span class=\"wpcf7-form-control-wrap\" data-name=\"acceptance-485\"><span class=\"wpcf7-form-control wpcf7-acceptance\"><span class=\"wpcf7-list-item\"><input type=\"checkbox\" name=\"acceptance-485\" value=\"1\" aria-invalid=\"false\" \/><\/span><\/span><\/span> I accept the data protection of LOPD<\/label>\n<\/p>\n<div id=\"class-1\" class=\"et_pb_with_border et_pb_module et_pb_contact_form_0 class-2 et_pb_contact_form_container clearfix\" data-form_unique_num=\"0\">\n\t<div class=\"et_pb_contact et_pb_contact_form\">\n\t\t<p><button type=\"submit\" id='submit' class=\"et_pb_contact_submit et_pb_button\">Send to<\/button>\n\t\t<\/p>\n\t<\/div>\n<\/div><div class=\"wpcf7-response-output\" aria-hidden=\"true\"><\/div>\n<\/form>\n<\/div>\n[\/et_pb_code][\/et_pb_column][\/et_pb_row][\/et_pb_section][et_pb_section fb_built=&#8221;1&#8243; module_class=&#8221;class-contenido&#8221; _builder_version=&#8221;3.22.7&#8243; width=&#8221;100%&#8221; min_height=&#8221;400px&#8221; z_index_tablet=&#8221;500&#8243; fb_built=&#8221;1&#8243; _i=&#8221;1&#8243; _address=&#8221;1&#8243;][et_pb_row column_structure=&#8221;1_2,1_2&#8243; _builder_version=&#8221;3.25&#8243; _i=&#8221;0&#8243; _address=&#8221;1.0&#8243;][et_pb_column type=&#8221;1_2&#8243; _builder_version=&#8221;3.25&#8243; custom_padding=&#8221;|||&#8221; _i=&#8221;0&#8243; _address=&#8221;1.0.0&#8243; custom_padding__hover=&#8221;|||&#8221;][et_pb_image src=&#8221;https:\/\/www.cespedartificialalicante.net\/wp-content\/uploads\/2019\/06\/alicante-cabecera-cesped.jpg&#8221; align_tablet=&#8221;center&#8221; align_last_edited=&#8221;on|desktop&#8221; _builder_version=&#8221;3.27.3&#8243; hover_enabled=&#8221;0&#8243; _i=&#8221;0&#8243; _address=&#8221;1.0.0.0&#8243; url=&#8221;https:\/\/www.cespedartificialalicante.net\/en\/alicante\/&#8221;][\/et_pb_image][\/et_pb_column][et_pb_column type=&#8221;1_2&#8243; _builder_version=&#8221;3.25&#8243; custom_padding=&#8221;|||&#8221; _i=&#8221;1&#8243; _address=&#8221;1.0.1&#8243; custom_padding__hover=&#8221;|||&#8221;][et_pb_text _builder_version=&#8221;3.27.3&#8243; hover_enabled=&#8221;0&#8243; _i=&#8221;0&#8243; _address=&#8221;1.0.1.0&#8243;]<\/p>\n<h2 id=\"h18sjwkno1p5b2kuh81uxxs3s1wywndn\" style=\"text-align: center;\"><a href=\"https:\/\/www.cespedartificialalicante.net\/en\/alicante\/\">Artificial grass in Alicante<\/a><\/h2>\n<p>We well know that the decoration in exterior spaces has evolved a lot, because nowadays we <strong>can count on technologies that equal nature through synthetic elements.<\/strong><\/p>\n<p>Installing <strong>artificial grass<\/strong> will give you a natural beauty that can almost be equalled, but for this you should seek advice from experts in the field.<\/p>\n<p>In Evolution Grass we have<strong> professionals in Alicante<\/strong> that will advise you not only with the choice of the type of aesthetic grass you want to place, but also with the way it is used on the surface so that it<strong> can last on average about 10 years.<\/strong><\/p>\n<p>[\/et_pb_text][\/et_pb_column][\/et_pb_row][et_pb_row column_structure=&#8221;1_2,1_2&#8243; _builder_version=&#8221;3.25&#8243; _i=&#8221;1&#8243; _address=&#8221;1.1&#8243;][et_pb_column type=&#8221;1_2&#8243; _builder_version=&#8221;3.25&#8243; custom_padding=&#8221;|||&#8221; _i=&#8221;0&#8243; _address=&#8221;1.1.0&#8243; custom_padding__hover=&#8221;|||&#8221;][et_pb_text _builder_version=&#8221;3.27.3&#8243; hover_enabled=&#8221;0&#8243; _i=&#8221;0&#8243; _address=&#8221;1.1.0.0&#8243;]<\/p>\n<h2 id=\"h9sjwknn89c1tqhsq8ox2cw4rv2nc2\" style=\"text-align: center;\"><a href=\"https:\/\/www.cespedartificialalicante.net\/en\/murcia\/\">Artificial grass in Murcia<\/a><\/h2>\n<p>To avoid all kinds of cumbersome events with the decoration of your property<strong>, installing an artificial turf<\/strong> will be the most suitable option you can choose. Usually, such a grass <strong>saves you a lot of money and time.<\/strong><\/p>\n<p>Is it easy to install? Laying an artificial turf is not easy, but when it comes to our customers, we have <strong>expert installers<\/strong> with years of experience at our disposal.<\/p>\n<p>[\/et_pb_text][\/et_pb_column][et_pb_column type=&#8221;1_2&#8243; _builder_version=&#8221;3.25&#8243; custom_padding=&#8221;|||&#8221; _i=&#8221;1&#8243; _address=&#8221;1.1.1&#8243; custom_padding__hover=&#8221;|||&#8221;][et_pb_image src=&#8221;https:\/\/www.cespedartificialalicante.net\/wp-content\/uploads\/2019\/06\/cesped-artificial-en-murcia.jpg&#8221; align_tablet=&#8221;center&#8221; align_last_edited=&#8221;on|desktop&#8221; _builder_version=&#8221;3.27.3&#8243; hover_enabled=&#8221;0&#8243; _i=&#8221;0&#8243; _address=&#8221;1.1.1.0&#8243; url=&#8221;https:\/\/www.cespedartificialalicante.net\/en\/murcia\/&#8221;][\/et_pb_image][\/et_pb_column][\/et_pb_row][et_pb_row column_structure=&#8221;1_2,1_2&#8243; _builder_version=&#8221;3.25&#8243; _i=&#8221;2&#8243; _address=&#8221;1.2&#8243;][et_pb_column type=&#8221;1_2&#8243; _builder_version=&#8221;3.25&#8243; custom_padding=&#8221;|||&#8221; _i=&#8221;0&#8243; _address=&#8221;1.2.0&#8243; custom_padding__hover=&#8221;|||&#8221;][et_pb_image src=&#8221;https:\/\/www.cespedartificialalicante.net\/wp-content\/uploads\/2019\/06\/valencia-plaza-cabecera.jpg&#8221; align_tablet=&#8221;center&#8221; align_last_edited=&#8221;on|desktop&#8221; _builder_version=&#8221;3.27.3&#8243; hover_enabled=&#8221;0&#8243; _i=&#8221;0&#8243; _address=&#8221;1.2.0.0&#8243; url=&#8221;https:\/\/www.cespedartificialalicante.net\/en\/valencia\/&#8221;][\/et_pb_image][\/et_pb_column][et_pb_column type=&#8221;1_2&#8243; _builder_version=&#8221;3.25&#8243; custom_padding=&#8221;|||&#8221; _i=&#8221;1&#8243; _address=&#8221;1.2.1&#8243; custom_padding__hover=&#8221;|||&#8221;][et_pb_text _builder_version=&#8221;3.27.3&#8243; custom_padding=&#8221;4px|||||&#8221; hover_enabled=&#8221;0&#8243; _i=&#8221;0&#8243; _address=&#8221;1.2.1.0&#8243;]<\/p>\n<h2 id=\"h13sjwknnow5m6a1mw143asngmat4pr\" style=\"text-align: center;\"><a href=\"https:\/\/www.cespedartificialalicante.net\/en\/valencia\/\">Artificial grass in Valencia<\/a><\/h2>\n<p>These types of surfaces made from <strong>synthetic fibers<\/strong> are the latest trend to replace natural grass everywhere, since the latter <strong>generates more maintenance costs<\/strong> and expenses of resources such as water.<\/p>\n<p>The installation professionals we have at our disposal have extensive knowledge both in the field and in preparing the grass. Do not hesitate any longer, installing an artificial turf in Valencia will be the best decision!<\/p>\n<p>[\/et_pb_text][\/et_pb_column][\/et_pb_row][et_pb_row _builder_version=&#8221;3.25&#8243; _i=&#8221;3&#8243; _address=&#8221;1.3&#8243;][et_pb_column type=&#8221;4_4&#8243; _builder_version=&#8221;3.25&#8243; custom_padding=&#8221;|||&#8221; _i=&#8221;0&#8243; _address=&#8221;1.3.0&#8243; custom_padding__hover=&#8221;|||&#8221;][et_pb_divider _builder_version=&#8221;3.22.7&#8243; _i=&#8221;0&#8243; _address=&#8221;1.3.0.0&#8243;][\/et_pb_divider][\/et_pb_column][\/et_pb_row][et_pb_row _builder_version=&#8221;3.25&#8243; _i=&#8221;4&#8243; _address=&#8221;1.4&#8243;][et_pb_column type=&#8221;4_4&#8243; _builder_version=&#8221;3.25&#8243; custom_padding=&#8221;|||&#8221; _i=&#8221;0&#8243; _address=&#8221;1.4.0&#8243; custom_padding__hover=&#8221;|||&#8221;][et_pb_text _builder_version=&#8221;3.27.3&#8243; animation_direction=&#8221;right&#8221; _i=&#8221;0&#8243; _address=&#8221;1.4.0.0&#8243;]<\/p>\n<h2 style=\"text-align: center;\">Specialists in artificial grass installation<\/h2>\n<p>Prevention is better than cure, because by having <strong>professional artificial grass installers<\/strong> you can avoid making payments in the long term that you did not have for maintenance and any other type of unforeseen event.<\/p>\n<p>In C\u00e9sped Artificial Alicante we are <strong>expert installers of artificial grass<\/strong>; therefore, we recommend you to always go to professionals with proven experience in the installation and maintenance of artificial grass, to avoid unnecessary expenses and possible unforeseen events. Discover <strong>all the locations<\/strong> where we can provide services.<\/p>\n<p>In <strong>Evolution Grass<\/strong> you can find those experts you need to install the grass that will make your space a wonder at a<strong> very affordable price.<\/strong><\/p>\n<p>[\/et_pb_text][et_pb_code _builder_version=&#8221;3.23.3&#8243; _i=&#8221;1&#8243; _address=&#8221;1.4.0.1&#8243;]<iframe src=\"https:\/\/www.youtube.com\/embed\/mMzm2iDPf80?start=1\" width=\"560\" height=\"315\" frameborder=\"0\" allowfullscreen=\"allowfullscreen\" data-mce-fragment=\"1\"><\/iframe>[\/et_pb_code][\/et_pb_column][\/et_pb_row][\/et_pb_section]<\/p>\n","protected":false},"excerpt":{"rendered":"<p>[et_pb_section fb_built=&#8221;1&#8243; module_class=&#8221;class-contenido&#8221; _builder_version=&#8221;3.23.3&#8243; background_image=&#8221;https:\/\/www.cespedartificialalicante.net\/wp-content\/uploads\/2019\/06\/instaladores-de-cesped-artificial.jpg&#8221; fb_built=&#8221;1&#8243; _i=&#8221;0&#8243; _address=&#8221;0&#8243;][et_pb_row column_structure=&#8221;1_2,1_2&#8243; module_class=&#8221;class-cuadro&#8221; _builder_version=&#8221;3.25&#8243; width=&#8221;100%&#8221; max_width_tablet=&#8221;1080px&#8221; custom_margin=&#8221;|||auto&#8221; z_index_tablet=&#8221;500&#8243; _i=&#8221;0&#8243; _address=&#8221;0.0&#8243;][et_pb_column type=&#8221;1_2&#8243; module_class=&#8221;class-col-1&#8243; _builder_version=&#8221;3.25&#8243; custom_padding=&#8221;|||&#8221; _i=&#8221;0&#8243; _address=&#8221;0.0.0&#8243; custom_padding__hover=&#8221;|||&#8221;][et_pb_text module_class=&#8221;class-cuadro-completo&#8221; _builder_version=&#8221;3.27.3&#8243; header_text_align=&#8221;center&#8221; header_text_color=&#8221;#000000&#8243; text_orientation=&#8221;center&#8221; z_index_tablet=&#8221;500&#8243; _i=&#8221;0&#8243; _address=&#8221;0.0.0.0&#8243;] Artificial Grass Installers Do you want to know more about the installation, the surfaces and the steps to lay your artificial turf? Contact [&hellip;]<\/p>\n","protected":false},"author":4,"featured_media":0,"parent":0,"menu_order":0,"comment_status":"closed","ping_status":"closed","template":"","meta":{"_et_pb_use_builder":"on","_et_pb_old_content":"<p>[et_pb_section fb_built=\"1\" module_class=\"class-contenido\" _builder_version=\"3.23.3\" background_image=\"https:\/\/www.cespedartificialalicante.net\/wp-content\/uploads\/2019\/06\/instaladores-de-cesped-artificial.jpg\" fb_built=\"1\" _i=\"0\" _address=\"0\"][et_pb_row column_structure=\"1_2,1_2\" module_class=\"class-cuadro\" _builder_version=\"3.25\" width=\"100%\" max_width_tablet=\"1080px\" custom_margin=\"|||auto\" z_index_tablet=\"500\" _i=\"0\" _address=\"0.0\"][et_pb_column type=\"1_2\" module_class=\"class-col-1\" _builder_version=\"3.25\" custom_padding=\"|||\" _i=\"0\" _address=\"0.0.0\" custom_padding__hover=\"|||\"][et_pb_text module_class=\"class-cuadro-completo\" _builder_version=\"3.22.7\" header_text_align=\"center\" header_text_color=\"#000000\" text_orientation=\"center\" z_index_tablet=\"500\" _i=\"0\" _address=\"0.0.0.0\"]<\/p><h1 style=\"text-align: center;\">Instaladores de C\u00e9sped Artificial\u00a0<\/h1><p style=\"text-align: center;\">\u00bfQuieres conocer m\u00e1s sobre la instalaci\u00f3n, las superficies y los pasos para colocar tu c\u00e9sped artificial? Contacta con nosotros y <strong>te informamos sin compromiso<\/strong>.\u00a0<\/p><p>[\/et_pb_text][\/et_pb_column][et_pb_column type=\"1_2\" module_class=\"class-col-2\" _builder_version=\"3.25\" custom_padding=\"|||\" _i=\"1\" _address=\"0.0.1\" custom_padding__hover=\"|||\"][et_pb_code _builder_version=\"3.27.3\" _i=\"0\" _address=\"0\"][contact-form-7 id=\"6007\" title=\"Form Superior\"][\/et_pb_code][\/et_pb_column][\/et_pb_row][\/et_pb_section][et_pb_section fb_built=\"1\" module_class=\"class-contenido\" _builder_version=\"3.22.7\" width=\"100%\" min_height=\"400px\" z_index_tablet=\"500\" fb_built=\"1\" _i=\"1\" _address=\"1\"][et_pb_row column_structure=\"1_2,1_2\" _builder_version=\"3.25\" _i=\"0\" _address=\"1.0\"][et_pb_column type=\"1_2\" _builder_version=\"3.25\" custom_padding=\"|||\" _i=\"0\" _address=\"1.0.0\" custom_padding__hover=\"|||\"][et_pb_image src=\"https:\/\/www.cespedartificialalicante.net\/wp-content\/uploads\/2019\/06\/alicante-cabecera-cesped.jpg\" align_tablet=\"center\" align_last_edited=\"on|desktop\" _builder_version=\"3.23.3\" _i=\"0\" _address=\"1.0.0.0\"][\/et_pb_image][\/et_pb_column][et_pb_column type=\"1_2\" _builder_version=\"3.25\" custom_padding=\"|||\" _i=\"1\" _address=\"1.0.1\" custom_padding__hover=\"|||\"][et_pb_text _builder_version=\"3.23.3\" _i=\"0\" _address=\"1.0.1.0\"]<\/p><h2 id=\"h18sjwkno1p5b2kuh81uxxs3s1wywndn\"><a href=\"https:\/\/www.cespedartificialalicante.net\">C\u00e9sped artificial en Alicante<\/a><\/h2><p>Bien sabemos que la decoraci\u00f3n en espacios exteriores ha evolucionado much\u00edsimo, porque hoy en d\u00eda podemos contar con <strong>tecnolog\u00edas que igualan a la naturaleza<\/strong> a trav\u00e9s de elementos sint\u00e9ticos.<\/p><p>Instalar un <strong>c\u00e9sped artificial <\/strong>te har\u00e1 part\u00edcipe una belleza natural que puede casi igualarse, pero para ello debes asesorarte con expertos en el tema.<\/p><p>En Evolution Grass contamos con <strong>profesionales en Alicante<\/strong> que te asesorar\u00e1n no s\u00f3lo con la elecci\u00f3n del tipo de pasto est\u00e9tico que quieres colocar, sino tambi\u00e9n con el modo en el que se emplea sobre la superficie para que pueda<strong> durar de media unos 10 a\u00f1os.<\/strong><\/p><p>[\/et_pb_text][\/et_pb_column][\/et_pb_row][et_pb_row column_structure=\"1_2,1_2\" _builder_version=\"3.25\" _i=\"1\" _address=\"1.1\"][et_pb_column type=\"1_2\" _builder_version=\"3.25\" custom_padding=\"|||\" _i=\"0\" _address=\"1.1.0\" custom_padding__hover=\"|||\"][et_pb_text _builder_version=\"3.23.3\" _i=\"0\" _address=\"1.1.0.0\"]<\/p><h2 id=\"h9sjwknn89c1tqhsq8ox2cw4rv2nc2\"><a href=\"https:\/\/www.cespedartificialalicante.net\/murcia\/\">C\u00e9sped artificial en Murcia<\/a><\/h2><p>Para evitar todo tipo de eventos engorrosos con la decoraci\u00f3n de tu propiedad,\u00a0<strong>instalar un c\u00e9sped artificial<\/strong> ser\u00e1 la opci\u00f3n m\u00e1s adecuada por la que puedas optar. Por lo general, una hierba de esta \u00edndole te <strong>ahorra mucho dinero y tiempo.<\/strong><\/p><p>\u00bfEs f\u00e1cil instalarlo? Colocar un c\u00e9sped artificial no es sencillo, pero cuando se trata de nuestros clientes tienen a su disposici\u00f3n <strong>expertos instaladores<\/strong> que cuentan con a\u00f1os de experiencia.<\/p><p>[\/et_pb_text][\/et_pb_column][et_pb_column type=\"1_2\" _builder_version=\"3.25\" custom_padding=\"|||\" _i=\"1\" _address=\"1.1.1\" custom_padding__hover=\"|||\"][et_pb_image src=\"https:\/\/www.cespedartificialalicante.net\/wp-content\/uploads\/2019\/06\/cesped-artificial-en-murcia.jpg\" align_tablet=\"center\" align_last_edited=\"on|desktop\" _builder_version=\"3.23.3\" _i=\"0\" _address=\"1.1.1.0\"][\/et_pb_image][\/et_pb_column][\/et_pb_row][et_pb_row column_structure=\"1_2,1_2\" _builder_version=\"3.25\" _i=\"2\" _address=\"1.2\"][et_pb_column type=\"1_2\" _builder_version=\"3.25\" custom_padding=\"|||\" _i=\"0\" _address=\"1.2.0\" custom_padding__hover=\"|||\"][et_pb_image src=\"https:\/\/www.cespedartificialalicante.net\/wp-content\/uploads\/2019\/06\/valencia-plaza-cabecera.jpg\" align_tablet=\"center\" align_last_edited=\"on|desktop\" _builder_version=\"3.23.3\" _i=\"0\" _address=\"1.2.0.0\"][\/et_pb_image][\/et_pb_column][et_pb_column type=\"1_2\" _builder_version=\"3.25\" custom_padding=\"|||\" _i=\"1\" _address=\"1.2.1\" custom_padding__hover=\"|||\"][et_pb_text _builder_version=\"3.23.3\" custom_padding=\"4px|||||\" _i=\"0\" _address=\"1.2.1.0\"]<\/p><h2 id=\"h13sjwknnow5m6a1mw143asngmat4pr\"><a href=\"https:\/\/www.cespedartificialalicante.net\/valencia\/\">C\u00e9sped artificial en Valencia<\/a><\/h2><p>Este tipo de superficies hechas en base a <strong>fibras sint\u00e9ticas <\/strong>son lo \u00faltimo en tendencias para hacer en cualquier lugar la suplencia del c\u00e9sped natural, ya que este \u00faltimo genera m\u00e1s costes de <strong>mantenimiento<\/strong> y gastos de recursos como el agua.<\/p><p>Los profesionales en instalaci\u00f3n que tenemos a nuestro alcance tienen amplios conocimientos tanto en terreno como en la preparaci\u00f3n de c\u00e9sped \u00a1No lo sigas dudando m\u00e1s! \u00a1Instalar un c\u00e9sped artificial en Valencia ser\u00e1 la mejor decisi\u00f3n!<\/p><p>[\/et_pb_text][\/et_pb_column][\/et_pb_row][et_pb_row _builder_version=\"3.25\" _i=\"3\" _address=\"1.3\"][et_pb_column type=\"4_4\" _builder_version=\"3.25\" custom_padding=\"|||\" _i=\"0\" _address=\"1.3.0\" custom_padding__hover=\"|||\"][et_pb_divider _builder_version=\"3.22.7\" _i=\"0\" _address=\"1.3.0.0\"][\/et_pb_divider][\/et_pb_column][\/et_pb_row][et_pb_row _builder_version=\"3.25\" _i=\"4\" _address=\"1.4\"][et_pb_column type=\"4_4\" _builder_version=\"3.25\" custom_padding=\"|||\" _i=\"0\" _address=\"1.4.0\" custom_padding__hover=\"|||\"][et_pb_text _builder_version=\"3.23.3\" animation_direction=\"right\" _i=\"0\" _address=\"1.4.0.0\"]<\/p><h2 style=\"text-align: center;\">Especialistas en instalaci\u00f3n de c\u00e9sped artificial<\/h2><p style=\"text-align: justify;\">Mejor prevenir que curar, y es que al contar con <strong>instaladores profesionales de c\u00e9sped artificial<\/strong> podr\u00e1s evitar que a largo plazo realices pagos con los que no contabas para la ejecuci\u00f3n de su mantenimiento y cualquier otro tipo de imprevisto.<\/p><p style=\"text-align: justify;\">En C\u00e9sped Artificial Alicante<strong>\u00a0somos expertos instaladores de c\u00e9sped;<\/strong>\u00a0por eso, te recomendamos acudir siempre a profesionales con demostrada experiencia en la instalaci\u00f3n y mantenimiento del c\u00e9sped artificial, para evitar gastos innecesarios y posibles imprevistos. Descubre<strong> todas las localidades<\/strong> en las que podemos prestarte servicios:<\/p><p style=\"text-align: justify;\">En <strong>Evolution Grass<\/strong> podr\u00e1s encontrar a esos expertos que necesitas para instalar el c\u00e9sped que har\u00e1 de tu espacio una maravilla a <strong>un precio muy accesible.<\/strong><\/p><p>[\/et_pb_text][et_pb_code _builder_version=\"3.23.3\" _i=\"1\" _address=\"1.4.0.1\"]<iframe src=\"https:\/\/www.youtube.com\/embed\/mMzm2iDPf80?start=1\" width=\"560\" height=\"315\" frameborder=\"0\" allowfullscreen=\"allowfullscreen\" data-mce-fragment=\"1\"><\/iframe>[\/et_pb_code][\/et_pb_column][\/et_pb_row][\/et_pb_section]<\/p>","_joinchat":[]},"_links":{"self":[{"href":"https:\/\/www.cespedartificialalicante.net\/en\/wp-json\/wp\/v2\/pages\/7109"}],"collection":[{"href":"https:\/\/www.cespedartificialalicante.net\/en\/wp-json\/wp\/v2\/pages"}],"about":[{"href":"https:\/\/www.cespedartificialalicante.net\/en\/wp-json\/wp\/v2\/types\/page"}],"author":[{"embeddable":true,"href":"https:\/\/www.cespedartificialalicante.net\/en\/wp-json\/wp\/v2\/users\/4"}],"replies":[{"embeddable":true,"href":"https:\/\/www.cespedartificialalicante.net\/en\/wp-json\/wp\/v2\/comments?post=7109"}],"version-history":[{"count":7,"href":"https:\/\/www.cespedartificialalicante.net\/en\/wp-json\/wp\/v2\/pages\/7109\/revisions"}],"predecessor-version":[{"id":8333,"href":"https:\/\/www.cespedartificialalicante.net\/en\/wp-json\/wp\/v2\/pages\/7109\/revisions\/8333"}],"wp:attachment":[{"href":"https:\/\/www.cespedartificialalicante.net\/en\/wp-json\/wp\/v2\/media?parent=7109"}],"curies":[{"name":"wp","href":"https:\/\/api.w.org\/{rel}","templated":true}]}}