{"id":7087,"date":"2020-01-22T11:19:31","date_gmt":"2020-01-22T10:19:31","guid":{"rendered":"http:\/\/www.cespedartificialalicante.net\/?page_id=7087"},"modified":"2020-01-22T11:20:15","modified_gmt":"2020-01-22T10:20:15","slug":"contact","status":"publish","type":"page","link":"https:\/\/www.cespedartificialalicante.net\/en\/contact\/","title":{"rendered":"Contact"},"content":{"rendered":"<p>[et_pb_section fb_built=&#8221;1&#8243; _builder_version=&#8221;3.22.7&#8243; fb_built=&#8221;1&#8243; _i=&#8221;0&#8243; _address=&#8221;0&#8243;][et_pb_row _builder_version=&#8221;3.25&#8243; _i=&#8221;0&#8243; _address=&#8221;0.0&#8243;][et_pb_column type=&#8221;4_4&#8243; _builder_version=&#8221;3.25&#8243; custom_padding=&#8221;|||&#8221; _i=&#8221;0&#8243; _address=&#8221;0.0.0&#8243; custom_padding__hover=&#8221;|||&#8221;][et_pb_text _builder_version=&#8221;3.27.3&#8243; header_font=&#8221;||||||||&#8221; header_text_align=&#8221;center&#8221; header_font_size=&#8221;46px&#8221; _i=&#8221;0&#8243; _address=&#8221;0.0.0.0&#8243;]<\/p>\n<h1 style=\"text-align: center;\">Contact<\/h1>\n<p>[\/et_pb_text][et_pb_divider color=&#8221;#5f870e&#8221; divider_weight=&#8221;8px&#8221; _builder_version=&#8221;3.22.7&#8243; width=&#8221;15%&#8221; max_width=&#8221;15%&#8221; module_alignment=&#8221;center&#8221; _i=&#8221;1&#8243; _address=&#8221;0.0.0.1&#8243;][\/et_pb_divider][\/et_pb_column][\/et_pb_row][et_pb_row column_structure=&#8221;1_2,1_2&#8243; _builder_version=&#8221;3.25&#8243; custom_padding=&#8221;|0px||||&#8221; _i=&#8221;1&#8243; _address=&#8221;0.1&#8243;][et_pb_column type=&#8221;1_2&#8243; _builder_version=&#8221;3.25&#8243; custom_padding=&#8221;|||&#8221; _i=&#8221;0&#8243; _address=&#8221;0.1.0&#8243; custom_padding__hover=&#8221;|||&#8221;][et_pb_text _builder_version=&#8221;3.27.3&#8243; _i=&#8221;0&#8243; _address=&#8221;0.1.0.0&#8243;]<\/p>\n<p>Contact us and ask for an estimate without obligation for the installation of your artificial grass using the form we make available to you.<\/p>\n<p>From Evolution Grass we want to thank you for your interest and we wish to have transmitted you the professionalism with which we carry out our work every day.<\/p>\n<p>We remain at your disposal for any questions or concerns you may have and we look forward to working together in the future.<\/p>\n<p>[\/et_pb_text][et_pb_divider show_divider=&#8221;off&#8221; _builder_version=&#8221;3.22.7&#8243; _i=&#8221;1&#8243; _address=&#8221;0.1.0.1&#8243;][\/et_pb_divider][et_pb_divider show_divider=&#8221;off&#8221; _builder_version=&#8221;3.22.7&#8243; _i=&#8221;2&#8243; _address=&#8221;0.1.0.2&#8243;][\/et_pb_divider][et_pb_blurb title=&#8221;Contact phone number &#8221; image=&#8221;https:\/\/www.cespedartificialalicante.net\/wp-content\/uploads\/2019\/05\/phone-volume_icon-icons.com_56474.png&#8221; icon_placement=&#8221;left&#8221; _builder_version=&#8221;3.27.3&#8243; header_font=&#8221;||||||||&#8221; _i=&#8221;3&#8243; _address=&#8221;0.1.0.3&#8243;]<\/p>\n<p>You can contact us by phone:<\/p>\n<p><strong>965403974 \u2013 677739530<\/strong><\/p>\n<p>[\/et_pb_blurb][et_pb_blurb title=&#8221;Email&#8221; image=&#8221;https:\/\/www.cespedartificialalicante.net\/wp-content\/uploads\/2019\/05\/81055.png&#8221; icon_placement=&#8221;left&#8221; _builder_version=&#8221;3.27.3&#8243; header_font=&#8221;||||||||&#8221; _i=&#8221;4&#8243; _address=&#8221;0.1.0.4&#8243;]<\/p>\n<p>Or if you prefer in:<\/p>\n<p><a href=\"mailto:evolutiongrass@gmail.com\">evolutiongrass@gmail.com\u00a0<\/a><\/p>\n<p>[\/et_pb_blurb][\/et_pb_column][et_pb_column type=&#8221;1_2&#8243; _builder_version=&#8221;3.25&#8243; custom_padding=&#8221;|||&#8221; _i=&#8221;1&#8243; _address=&#8221;0.1.1&#8243; custom_padding__hover=&#8221;|||&#8221;][et_pb_code _builder_version=&#8221;3.27.3&#8243; _i=&#8221;0&#8243; _address=&#8221;0.1.1.0&#8243;]\n<div class=\"wpcf7 no-js\" id=\"wpcf7-f7093-o1\" lang=\"en\" dir=\"ltr\">\n<div class=\"screen-reader-response\"><p role=\"status\" aria-live=\"polite\" aria-atomic=\"true\"><\/p> <ul><\/ul><\/div>\n<form action=\"\/en\/wp-json\/wp\/v2\/pages\/7087#wpcf7-f7093-o1\" method=\"post\" class=\"wpcf7-form init\" aria-label=\"Contact form\" novalidate=\"novalidate\" data-status=\"init\">\n<div style=\"display: none;\">\n<input type=\"hidden\" name=\"_wpcf7\" value=\"7093\" \/>\n<input type=\"hidden\" name=\"_wpcf7_version\" value=\"5.7.7\" \/>\n<input type=\"hidden\" name=\"_wpcf7_locale\" value=\"en\" \/>\n<input type=\"hidden\" name=\"_wpcf7_unit_tag\" value=\"wpcf7-f7093-o1\" \/>\n<input type=\"hidden\" name=\"_wpcf7_container_post\" value=\"0\" \/>\n<input type=\"hidden\" name=\"_wpcf7_posted_data_hash\" value=\"\" \/>\n<\/div>\n<div id=\"class-1\" class=\"et_pb_with_border et_pb_module et_pb_contact_form_0 class-2 et_pb_contact_form_container clearfix\" data-form_unique_num=\"0\">\n\t<div class=\"et_pb_contact et_pb_contact_form\">\n\t\t<p class=\"et_pb_contact_main_title\">QUICK QUOTE\n\t\t<\/p>\n\t\t<p class=\"et_pb_contact_field et_pb_contact_field_0 et_pb_contact_field_last\" data-id=\"name\" data-type=\"input\"><br \/>\n<label for=\"et_pb_contact_nombre_0\" class=\"et_pb_contact_form_label\">Name*<\/label><span class=\"wpcf7-form-control-wrap\" data-name=\"your-name\"><input size=\"40\" class=\"wpcf7-form-control wpcf7-text wpcf7-validates-as-required input\" id=\"et_pb_contact_nombre_0\" aria-required=\"true\" aria-invalid=\"false\" placeholder=\"Name*\" value=\"\" type=\"text\" name=\"your-name\" \/><\/span>\n\t\t<\/p>\n\t\t<p class=\"et_pb_contact_field et_pb_contact_field_0 et_pb_contact_field_last\" data-id=\"nombre\" data-type=\"input\"><label for=\"et_pb_contact_email_0\" class=\"et_pb_contact_form_label\">E-mail *<\/label><span class=\"wpcf7-form-control-wrap\" data-name=\"your-email\"><input size=\"40\" class=\"wpcf7-form-control wpcf7-text wpcf7-email wpcf7-validates-as-required wpcf7-validates-as-email input\" id=\"et_pb_contact_email_0\" aria-required=\"true\" aria-invalid=\"false\" placeholder=\"Email *\" value=\"\" type=\"email\" name=\"your-email\" \/><\/span>\n\t\t<\/p>\n\t\t<p class=\"et_pb_with_border et_pb_contact_field et_pb_contact_field_2 et_pb_contact_field_half\" data-id=\"Telephone\" data-type=\"input\"><label for=\"et_pb_contact_telefono_0\" class=\"et_pb_contact_form_label\">Telephone*<\/label><span class=\"wpcf7-form-control-wrap\" data-name=\"Telephone\"><input size=\"40\" class=\"wpcf7-form-control wpcf7-text input\" id=\"et_pb_contact_telefono_0\" aria-invalid=\"false\" placeholder=\"Telephone*\" value=\"\" type=\"text\" name=\"Telephone\" \/><\/span>\n\t\t<\/p>\n\t\t<p class=\"et_pb_contact_field et_pb_contact_field_3 et_pb_contact_field_half et_pb_contact_field_last\" data-id=\"c_Location\" data-type=\"input\"><label for=\"et_pb_contact_c_localidad_0\" class=\"et_pb_contact_form_label\">Location*<\/label><span class=\"wpcf7-form-control-wrap\" data-name=\"Location\"><input size=\"40\" class=\"wpcf7-form-control wpcf7-text wpcf7-validates-as-required input\" id=\"et_pb_contact_c_localidad_0\" aria-required=\"true\" aria-invalid=\"false\" placeholder=\"Location*\" value=\"\" type=\"text\" name=\"Location\" \/><\/span>\n\t\t<\/p>\n\t\t<p class=\"et_pb_contact_field et_pb_contact_field_4 et_pb_contact_field_last\" data-id=\"para_cuando\" data-type=\"select\"><br \/>\n<span class=\"wpcf7-form-control-wrap\" data-name=\"menu-821\"><select class=\"wpcf7-form-control wpcf7-select et_pb_contact_select input\" id=\"et_pb_contact_para_cuando_0\" aria-invalid=\"false\" name=\"menu-821\"><option value=\"\">When do you want to do the job?<\/option><option value=\"As soon as possible\">As soon as possible<\/option><option value=\"Less than 5 days\">Less than 5 days<\/option><option value=\"More than 5 days\">More than 5 days<\/option><\/select><\/span>\n\t\t<\/p>\n\t\t<p class=\"et_pb_contact_field et_pb_contact_field_5 et_pb_contact_field_last\" data-id=\"comentarios\" data-type=\"input\"><br \/>\n<span class=\"wpcf7-form-control-wrap\" data-name=\"comments\"><textarea cols=\"40\" rows=\"10\" class=\"wpcf7-form-control wpcf7-textarea\" aria-invalid=\"false\" name=\"comments\">Add your comments<\/textarea><\/span>\n\t\t<\/p>\n\t<\/div>\n<\/div>\n<p><label><span class=\"wpcf7-form-control-wrap\" data-name=\"acceptance-485\"><span class=\"wpcf7-form-control wpcf7-acceptance\"><span class=\"wpcf7-list-item\"><input type=\"checkbox\" name=\"acceptance-485\" value=\"1\" aria-invalid=\"false\" \/><\/span><\/span><\/span> I accept the data protection of LOPD<\/label>\n<\/p>\n<div id=\"class-1\" class=\"et_pb_with_border et_pb_module et_pb_contact_form_0 class-2 et_pb_contact_form_container clearfix\" data-form_unique_num=\"0\">\n\t<div class=\"et_pb_contact et_pb_contact_form\">\n\t\t<p><button type=\"submit\" id='submit' class=\"et_pb_contact_submit et_pb_button\">Send to<\/button>\n\t\t<\/p>\n\t<\/div>\n<\/div><div class=\"wpcf7-response-output\" aria-hidden=\"true\"><\/div>\n<\/form>\n<\/div>\n[\/et_pb_code][\/et_pb_column][\/et_pb_row][et_pb_row _builder_version=&#8221;3.25&#8243; _i=&#8221;2&#8243; _address=&#8221;0.2&#8243;][et_pb_column type=&#8221;4_4&#8243; _builder_version=&#8221;3.25&#8243; custom_padding=&#8221;|||&#8221; _i=&#8221;0&#8243; _address=&#8221;0.2.0&#8243; custom_padding__hover=&#8221;|||&#8221;][et_pb_text _builder_version=&#8221;3.27.3&#8243; text_font=&#8221;||||||||&#8221; text_font_size=&#8221;15px&#8221; text_line_height=&#8221;1em&#8221; _i=&#8221;0&#8243; _address=&#8221;0.2.0.0&#8243;]<\/p>\n<h5>BASIC INFORMATION ON DATA PROTECTION<\/h5>\n<p><strong>Person in charge of treatment<\/strong>: Evolution Grass.<\/p>\n<p><strong>Address of the person in charge<\/strong>: C\/ 1\u00ba de mayo 10, 4\u00bap 03330 Crevillente (Alicante)<\/p>\n<p><strong>Purpose<\/strong>: Your data will be used only to attend your requests. In no case will these data be used for other purposes or given to third parties.<\/p>\n<p><strong>Advertising<\/strong>: We will only send you advertising under previous authorization.<\/p>\n<p><strong>Legitimation<\/strong>: In case it is verified that the owner of the data has not been the one who has provided them, they will be eliminated from the database.<\/p>\n<p><strong>Addressees<\/strong>: Only Evolution Grass staff is authorized to have the information requested here.<\/p>\n<p><strong>Rights<\/strong>: Users have recognized and may exercise their rights of access, cancellation, rectification and opposition by contacting Evolution Grass.<\/p>\n<p>[\/et_pb_text][\/et_pb_column][\/et_pb_row][\/et_pb_section]<\/p>\n","protected":false},"excerpt":{"rendered":"<p>[et_pb_section fb_built=&#8221;1&#8243; _builder_version=&#8221;3.22.7&#8243; fb_built=&#8221;1&#8243; _i=&#8221;0&#8243; _address=&#8221;0&#8243;][et_pb_row _builder_version=&#8221;3.25&#8243; _i=&#8221;0&#8243; _address=&#8221;0.0&#8243;][et_pb_column type=&#8221;4_4&#8243; _builder_version=&#8221;3.25&#8243; custom_padding=&#8221;|||&#8221; _i=&#8221;0&#8243; _address=&#8221;0.0.0&#8243; custom_padding__hover=&#8221;|||&#8221;][et_pb_text _builder_version=&#8221;3.27.3&#8243; header_font=&#8221;||||||||&#8221; header_text_align=&#8221;center&#8221; header_font_size=&#8221;46px&#8221; _i=&#8221;0&#8243; _address=&#8221;0.0.0.0&#8243;] Contact [\/et_pb_text][et_pb_divider color=&#8221;#5f870e&#8221; divider_weight=&#8221;8px&#8221; _builder_version=&#8221;3.22.7&#8243; width=&#8221;15%&#8221; max_width=&#8221;15%&#8221; module_alignment=&#8221;center&#8221; _i=&#8221;1&#8243; _address=&#8221;0.0.0.1&#8243;][\/et_pb_divider][\/et_pb_column][\/et_pb_row][et_pb_row column_structure=&#8221;1_2,1_2&#8243; _builder_version=&#8221;3.25&#8243; custom_padding=&#8221;|0px||||&#8221; _i=&#8221;1&#8243; _address=&#8221;0.1&#8243;][et_pb_column type=&#8221;1_2&#8243; _builder_version=&#8221;3.25&#8243; custom_padding=&#8221;|||&#8221; _i=&#8221;0&#8243; _address=&#8221;0.1.0&#8243; custom_padding__hover=&#8221;|||&#8221;][et_pb_text _builder_version=&#8221;3.27.3&#8243; _i=&#8221;0&#8243; _address=&#8221;0.1.0.0&#8243;] Contact us and ask for an estimate without obligation for [&hellip;]<\/p>\n","protected":false},"author":4,"featured_media":0,"parent":0,"menu_order":0,"comment_status":"closed","ping_status":"closed","template":"","meta":{"_et_pb_use_builder":"on","_et_pb_old_content":"<p>[et_pb_section fb_built=\"1\" _builder_version=\"3.22.7\" fb_built=\"1\" _i=\"0\" _address=\"0\"][et_pb_row _builder_version=\"3.25\" _i=\"0\" _address=\"0.0\"][et_pb_column type=\"4_4\" _builder_version=\"3.25\" custom_padding=\"|||\" _i=\"0\" _address=\"0.0.0\" custom_padding__hover=\"|||\"][et_pb_text _builder_version=\"3.22.7\" header_font=\"||||||||\" header_text_align=\"center\" header_font_size=\"46px\" _i=\"0\" _address=\"0.0.0.0\"]<\/p><h1 style=\"text-align: center;\">Contacto<\/h1><p>[\/et_pb_text][et_pb_divider color=\"#5f870e\" divider_weight=\"8px\" _builder_version=\"3.22.7\" width=\"15%\" max_width=\"15%\" module_alignment=\"center\" _i=\"1\" _address=\"0.0.0.1\"][\/et_pb_divider][\/et_pb_column][\/et_pb_row][et_pb_row column_structure=\"1_2,1_2\" _builder_version=\"3.25\" custom_padding=\"|0px||||\" _i=\"1\" _address=\"0.1\"][et_pb_column type=\"1_2\" _builder_version=\"3.25\" custom_padding=\"|||\" _i=\"0\" _address=\"0.1.0\" custom_padding__hover=\"|||\"][et_pb_text _builder_version=\"3.22.7\" _i=\"0\" _address=\"0.1.0.0\"]<\/p><p>Ponte en contacto con nosotros y <strong>solicita presupuesto sin compromiso<\/strong> para la instalaci\u00f3n de tu c\u00e9sped artificial a trav\u00e9s del formulario que ponemos a tu disposici\u00f3n.<\/p><p>Desde Evolution Grass queremos agradecerte tu inter\u00e9s y deseamos haberte transmitido la <strong>profesionalidad con la que cada d\u00eda realizamos nuestra labor.<\/strong><\/p><p>Quedamos a su disposici\u00f3n para cualquier<strong> duda o inquietud<\/strong> que tenga y deseamos poder trabajar juntos en un futuro.<\/p><p>[\/et_pb_text][et_pb_divider show_divider=\"off\" _builder_version=\"3.22.7\" _i=\"1\" _address=\"0.1.0.1\"][\/et_pb_divider][et_pb_divider show_divider=\"off\" _builder_version=\"3.22.7\" _i=\"2\" _address=\"0.1.0.2\"][\/et_pb_divider][et_pb_blurb title=\"Tel\u00e9fono de contacto \" image=\"https:\/\/www.cespedartificialalicante.net\/wp-content\/uploads\/2019\/05\/phone-volume_icon-icons.com_56474.png\" icon_placement=\"left\" _builder_version=\"3.22.7\" header_font=\"||||||||\" _i=\"3\" _address=\"0.1.0.3\"]<\/p><p>Puede contactar con nosotros a trav\u00e9s de los tel\u00e9fonos:<\/p><p><strong>965403974 \u2013\u00a0677739530<\/strong><\/p><p>[\/et_pb_blurb][et_pb_blurb title=\"Email\" image=\"https:\/\/www.cespedartificialalicante.net\/wp-content\/uploads\/2019\/05\/81055.png\" icon_placement=\"left\" _builder_version=\"3.27.3\" header_font=\"||||||||\" _i=\"4\" _address=\"0.1.0.4\"]<\/p><p>O si lo prefiere en:<\/p><p class=\"Cuerpo\"><span lang=\"ES-TRAD\"><a href=\"mailto:evolutiongrass@gmail.com\"><span class=\"Hyperlink0\">evolutiongrass@gmail.com<\/span><\/a> <\/span><\/p><p>[\/et_pb_blurb][\/et_pb_column][et_pb_column type=\"1_2\" _builder_version=\"3.25\" custom_padding=\"|||\" _i=\"1\" _address=\"0.1.1\" custom_padding__hover=\"|||\"][et_pb_code _builder_version=\"3.27.3\" _i=\"0\" _address=\"0\"][contact-form-7 id=\"6007\" title=\"Form Superior\"][\/et_pb_code][\/et_pb_column][\/et_pb_row][et_pb_row _builder_version=\"3.25\" _i=\"2\" _address=\"0.2\"][et_pb_column type=\"4_4\" _builder_version=\"3.25\" custom_padding=\"|||\" _i=\"0\" _address=\"0.2.0\" custom_padding__hover=\"|||\"][et_pb_text _builder_version=\"3.22.7\" text_font=\"||||||||\" text_font_size=\"15px\" text_line_height=\"1em\" _i=\"0\" _address=\"0.2.0.0\"]<\/p><h5 class=\"et_pb_toggle_title\">INFORMACI\u00d3N B\u00c1SICA SOBRE PROTECCI\u00d3N DE DATOS<\/h5><div class=\"et_pb_toggle_content clearfix\"><p><strong>Responsable del tratamiento:\u00a0<\/strong>Evolution Grass.<\/p><p><strong>Direcci\u00f3n del responsable:\u00a0<\/strong>C\/ 1\u00ba de mayo 10, 4\u00bap 03330 Crevillente (Alicante)<\/p><p><strong>Finalidad:\u00a0<\/strong>Sus datos ser\u00e1n usados \u00fanicamente para atender a sus solicitudes. En ning\u00fan caso se destinar\u00e1n estos datos a otros fines ni se entregar\u00e1n a terceras partes.<\/p><p><strong>P<\/strong><strong>ublicidad:\u00a0<\/strong>Solo le enviaremos publicidad bajo previa autorizaci\u00f3n.<\/p><p><strong>Legitimaci\u00f3n:\u00a0<\/strong>En caso de que se compruebe que el titular de los datos no ha sido qui\u00e9n nos los ha facilitado, se proceder\u00e1 a la eliminaci\u00f3n de los mismos de la base de datos.<\/p><p><strong>Destinatarios:\u00a0<\/strong>Tan solo el personal de Evolution Grass est\u00e1 autorizado para tener la informaci\u00f3n que aqu\u00ed le solicitamos.<\/p><p><strong>Derechos:<\/strong>\u00a0Los usuarios tienen reconocidos y podr\u00e1n ejercitar los derechos de acceso, cancelaci\u00f3n, rectificaci\u00f3n y oposici\u00f3n contactando con Evolution Grass.<\/p><\/div><p>[\/et_pb_text][\/et_pb_column][\/et_pb_row][\/et_pb_section]<\/p>","_joinchat":[]},"_links":{"self":[{"href":"https:\/\/www.cespedartificialalicante.net\/en\/wp-json\/wp\/v2\/pages\/7087"}],"collection":[{"href":"https:\/\/www.cespedartificialalicante.net\/en\/wp-json\/wp\/v2\/pages"}],"about":[{"href":"https:\/\/www.cespedartificialalicante.net\/en\/wp-json\/wp\/v2\/types\/page"}],"author":[{"embeddable":true,"href":"https:\/\/www.cespedartificialalicante.net\/en\/wp-json\/wp\/v2\/users\/4"}],"replies":[{"embeddable":true,"href":"https:\/\/www.cespedartificialalicante.net\/en\/wp-json\/wp\/v2\/comments?post=7087"}],"version-history":[{"count":7,"href":"https:\/\/www.cespedartificialalicante.net\/en\/wp-json\/wp\/v2\/pages\/7087\/revisions"}],"predecessor-version":[{"id":7097,"href":"https:\/\/www.cespedartificialalicante.net\/en\/wp-json\/wp\/v2\/pages\/7087\/revisions\/7097"}],"wp:attachment":[{"href":"https:\/\/www.cespedartificialalicante.net\/en\/wp-json\/wp\/v2\/media?parent=7087"}],"curies":[{"name":"wp","href":"https:\/\/api.w.org\/{rel}","templated":true}]}}